{"id":38,"date":"2024-04-06T00:40:12","date_gmt":"2024-04-05T22:40:12","guid":{"rendered":"https:\/\/afref.eu\/?page_id=38"},"modified":"2026-04-21T15:49:54","modified_gmt":"2026-04-21T13:49:54","slug":"historique","status":"publish","type":"page","link":"https:\/\/afref.eu\/index.php\/historique\/","title":{"rendered":"Historique"},"content":{"rendered":"\n<p>L\u2019histoire de l\u2019AFREF a \u00e9t\u00e9 marqu\u00e9e pendant plus de 50 ann\u00e9es par le respect des orientations de son pr\u00e9sident-fondateur, exprim\u00e9es dans la d\u00e9claration d\u2019existence de l\u2019association&nbsp;: \u00ab&nbsp;Promouvoir ou aider \u00e0 d\u00e9velopper toutes les activit\u00e9s concourant \u00e0 la formation et \u00e0 la promotion dans les entreprises\u2026&nbsp;\u00bb<\/p>\n\n\n\n<p>L\u2019AFREF est fond\u00e9e le 17 avril 1961 sous le nom \u00ab&nbsp;Association fran\u00e7aise des responsables de formation&nbsp;\u00bb, par Pierre DEMARNE, alors responsable de la formation chez IBM France. Il fut l\u2019auteur de nombreux ouvrages dans le domaine des relations entre l\u2019informatique et la formation, notamment <em>Les ordinateurs \u00e9lectroniques<\/em>, publi\u00e9 aux \u00ab&nbsp;PUF &#8211; Que sais-je&nbsp;\u00bb en 1959, ainsi que des articles consacr\u00e9s \u00e0 l\u2019enseignement programm\u00e9, dont \u00ab&nbsp;Programme en dents de scie et spatialisation des concepts d\u2019enseignement&nbsp;\u00bb paru dans la revue <em>Communication et langage<\/em> n\u00b05, 1970, pp 27-39. Il a par ailleurs \u00e9t\u00e9 peintre et critique d\u2019art, affili\u00e9 au mouvement surr\u00e9aliste depuis 1947.<\/p>\n\n\n\n<p>Il pr\u00e9side l\u2019AFREF pendant 10 ann\u00e9es et, ayant quitt\u00e9 la direction de la formation chez IBM pour des fonctions de conseiller scientifique, il abandonne la pr\u00e9sidence mais demeure membre de l\u2019AFREF jusqu\u2019\u00e0 son d\u00e9c\u00e8s en 1999.<\/p>\n\n\n\n<p>Entre 1971 et 2026, neuf autres pr\u00e9sidents se sont succ\u00e9d\u00e9 \u00e0 la direction de l\u2019AFREF&nbsp;:<\/p>\n\n\n\n<ul class=\"wp-block-list\">\n<li>Jean ROUX, d\u00e9l\u00e9gu\u00e9 g\u00e9n\u00e9ral de l\u2019Institut europ\u00e9en pour la formation professionnelle&nbsp;;<\/li>\n\n\n\n<li>Pierre LE GORREC, contr\u00f4leur g\u00e9n\u00e9ral EDF&nbsp;;<\/li>\n\n\n\n<li>Ren\u00e9 TIJOU, directeur de la formation et des relations sociales du groupe Renault&nbsp;;<\/li>\n\n\n\n<li>Daniel CROQUETTE, directeur du CESI puis d\u00e9l\u00e9gu\u00e9 g\u00e9n\u00e9ral de l\u2019ANDCP (aujourd\u2019hui ANDRH)&nbsp;;<\/li>\n\n\n\n<li>Pierre VIENOT, responsable de l\u2019unit\u00e9 technique CFTN\/UO &#8211; RATP&nbsp;;<\/li>\n\n\n\n<li>Sylvia ARCOS-SCHIMTT, directrice de LA-Conseil&nbsp;;<\/li>\n\n\n\n<li>Paul-Dominique POMART, responsable de la formation aux \u00e9ditions BAYARD PRESSE&nbsp;;<\/li>\n\n\n\n<li>Denis REYMOND, directeur du CESI \u00cele de France. Actuellement Directeur Pratices Management &#8211; DEMOS&nbsp;;<\/li>\n\n\n\n<li>Fabrice GUTNIK, directeur des structures de soins et de pr\u00e9vention \u00e0 la CPAM Paris et Ma\u00eetre de Conf\u00e9rences associ\u00e9, Universit\u00e9 de Picardie&nbsp;;<\/li>\n\n\n\n<li>Ren\u00e9 BAGORSKI, Directeur des relations partenariales \u00e0 l\u2019AFPA.<\/li>\n\n\n\n<li>Patrick Waeles, Pr\u00e9sident actuel de l\u2019AFREF (depuis 2003), Sociologue &#8211; Ancien Directeur G\u00e9n\u00e9ral de l\u2019IRFASE (Institut de recherche et de formation \u00e0 l\u2019Action Sociale de l\u2019Essonne), Vice- pr\u00e9sident du Conseil Economique Social et Environnemental de l\u2019Essonne, Conseiller technique \u00ab.Territoire Apprenant.\u00bb au Comit\u00e9 Mondial pour les apprentissages tout au long de la vie (ONG partenaire de l\u2019UNESCO) et ancien Vice-pr\u00e9sident de l\u2019AFREF.<\/li>\n<\/ul>\n\n\n\n<p>Depuis sa fondation, l\u2019AFREF a chang\u00e9 de nom 2 fois en conservant le m\u00eame sigle&nbsp;: \u00e0 l\u2019origine <em>Association fran\u00e7aise des responsables de formation<\/em>, elle devient en 1989 <em>Association fran\u00e7aise pour l\u2019expansion de la formation<\/em>, puis en 2000 <em>Association fran\u00e7aise pour la r\u00e9flexion et l\u2019\u00e9change sur la formation<\/em>, nom qu\u2019elle conserve aujourd\u2019hui.<\/p>\n\n\n\n<p>Elle a \u00e9galement chang\u00e9 9 fois de si\u00e8ge social et elle a connu bien des hauts et des bas dans son activit\u00e9 en raison des fluctuations du nombre d\u2019adh\u00e9rents et de certains choix structurels et \u00e9conomiques parfois d\u00e9licats.<\/p>\n\n\n\n<p>Mais la long\u00e9vit\u00e9 et la notori\u00e9t\u00e9 de l\u2019AFREF r\u00e9sulte de la mobilisation, du talent et de l\u2019esprit militant des \u00e9quipes dirigeantes qui se sont succ\u00e9d\u00e9es au fil des ann\u00e9es. Ces \u00e9quipes ont su maintenir et renforcer les valeurs d\u2019origine qui conjuguent progr\u00e8s social et performances \u00e9conomiques dans un esprit d\u2019ouverture et de partage.<\/p>\n\n\n\n<p>L\u2019histoire de l\u2019AFREF c\u2019est pour une bonne part, celle qu\u2019ont construite ses dirigeants. Mais c\u2019est aussi et surtout, celle qui a \u00e9t\u00e9 constamment irrigu\u00e9e et enrichie au cours de cette longue p\u00e9riode, par plus d\u2019un millier d\u2019acteurs de la formation, membres ou partenaires.<\/p>\n","protected":false},"excerpt":{"rendered":"<p>L\u2019histoire de l\u2019AFREF a \u00e9t\u00e9 marqu\u00e9e pendant plus de 50 ann\u00e9es par le respect des orientations de son pr\u00e9sident-fondateur, exprim\u00e9es dans la d\u00e9claration d\u2019existence de l\u2019association&nbsp;: \u00ab&nbsp;Promouvoir ou aider \u00e0 d\u00e9velopper toutes les activit\u00e9s concourant \u00e0 la formation et \u00e0 la promotion dans les entreprises\u2026&nbsp;\u00bb L\u2019AFREF est fond\u00e9e le 17 avril 1961 sous le nom &hellip; <a href=\"https:\/\/afref.eu\/index.php\/historique\/\" class=\"more-link\">Continuer la lecture<span class=\"screen-reader-text\"> de &laquo;&nbsp;Historique&nbsp;&raquo;<\/span><\/a><\/p>\n","protected":false},"author":1,"featured_media":0,"parent":0,"menu_order":0,"comment_status":"closed","ping_status":"closed","template":"","meta":{"footnotes":""},"class_list":["post-38","page","type-page","status-publish","hentry"],"_links":{"self":[{"href":"https:\/\/afref.eu\/index.php\/wp-json\/wp\/v2\/pages\/38","targetHints":{"allow":["GET"]}}],"collection":[{"href":"https:\/\/afref.eu\/index.php\/wp-json\/wp\/v2\/pages"}],"about":[{"href":"https:\/\/afref.eu\/index.php\/wp-json\/wp\/v2\/types\/page"}],"author":[{"embeddable":true,"href":"https:\/\/afref.eu\/index.php\/wp-json\/wp\/v2\/users\/1"}],"replies":[{"embeddable":true,"href":"https:\/\/afref.eu\/index.php\/wp-json\/wp\/v2\/comments?post=38"}],"version-history":[{"count":5,"href":"https:\/\/afref.eu\/index.php\/wp-json\/wp\/v2\/pages\/38\/revisions"}],"predecessor-version":[{"id":887,"href":"https:\/\/afref.eu\/index.php\/wp-json\/wp\/v2\/pages\/38\/revisions\/887"}],"wp:attachment":[{"href":"https:\/\/afref.eu\/index.php\/wp-json\/wp\/v2\/media?parent=38"}],"curies":[{"name":"wp","href":"https:\/\/api.w.org\/{rel}","templated":true}]}}